{"id":27,"date":"2025-12-18T16:44:19","date_gmt":"2025-12-18T16:44:19","guid":{"rendered":"https:\/\/bureauviticole.com\/index.php\/homepage\/"},"modified":"2026-01-02T09:30:42","modified_gmt":"2026-01-02T09:30:42","slug":"home","status":"publish","type":"page","link":"https:\/\/bureauviticole.com\/","title":{"rendered":"Home"},"content":{"rendered":"\t\t<div data-elementor-type=\"wp-page\" data-elementor-id=\"27\" class=\"elementor elementor-27\" data-elementor-post-type=\"page\">\n\t\t\t\t<div class=\"elementor-element elementor-element-156f096 e-flex e-con-boxed e-con e-parent\" data-id=\"156f096\" data-element_type=\"container\">\n\t\t\t\t\t<div class=\"e-con-inner\">\n\t\t\t\t<div class=\"elementor-element elementor-element-0697584 elementor-widget elementor-widget-image\" data-id=\"0697584\" data-element_type=\"widget\" data-widget_type=\"image.default\">\n\t\t\t\t\t\t\t\t\t\t\t\t\t\t\t<img fetchpriority=\"high\" decoding=\"async\" width=\"768\" height=\"768\" src=\"https:\/\/bureauviticole.com\/wp-content\/uploads\/2025\/12\/voeux-2026-fr-768x768.jpg\" class=\"attachment-medium_large size-medium_large wp-image-107\" alt=\"\" srcset=\"https:\/\/bureauviticole.com\/wp-content\/uploads\/2025\/12\/voeux-2026-fr-768x768.jpg 768w, https:\/\/bureauviticole.com\/wp-content\/uploads\/2025\/12\/voeux-2026-fr-300x300.jpg 300w, https:\/\/bureauviticole.com\/wp-content\/uploads\/2025\/12\/voeux-2026-fr-150x150.jpg 150w, https:\/\/bureauviticole.com\/wp-content\/uploads\/2025\/12\/voeux-2026-fr.jpg 960w\" sizes=\"(max-width: 768px) 100vw, 768px\" \/>\t\t\t\t\t\t\t\t\t\t\t\t\t\t\t<\/div>\n\t\t\t\t\t<\/div>\n\t\t\t\t<\/div>\n\t\t<div class=\"elementor-element elementor-element-56a8706b e-flex e-con-boxed e-con e-parent\" data-id=\"56a8706b\" data-element_type=\"container\" data-settings=\"{&quot;background_background&quot;:&quot;gradient&quot;}\">\n\t\t\t\t\t<div class=\"e-con-inner\">\n\t\t<div class=\"elementor-element elementor-element-228b3324 e-con-full e-flex e-con e-child\" data-id=\"228b3324\" data-element_type=\"container\">\n\t\t\t\t<div class=\"elementor-element elementor-element-3ddf1957 elementor-invisible elementor-widget elementor-widget-image\" data-id=\"3ddf1957\" data-element_type=\"widget\" data-settings=\"{&quot;_animation&quot;:&quot;fadeIn&quot;}\" data-widget_type=\"image.default\">\n\t\t\t\t\t\t\t\t\t\t\t\t\t\t\t<img decoding=\"async\" width=\"218\" height=\"218\" src=\"https:\/\/bureauviticole.com\/wp-content\/uploads\/2025\/12\/Le-Bureau-Viticole-Dossier-de-Presse-2022-FR-mail.jpeg\" class=\"attachment-large size-large wp-image-47\" alt=\"\" srcset=\"https:\/\/bureauviticole.com\/wp-content\/uploads\/2025\/12\/Le-Bureau-Viticole-Dossier-de-Presse-2022-FR-mail.jpeg 218w, https:\/\/bureauviticole.com\/wp-content\/uploads\/2025\/12\/Le-Bureau-Viticole-Dossier-de-Presse-2022-FR-mail-150x150.jpeg 150w\" sizes=\"(max-width: 218px) 100vw, 218px\" \/>\t\t\t\t\t\t\t\t\t\t\t\t\t\t\t<\/div>\n\t\t\t\t<div class=\"elementor-element elementor-element-4d6a3077 e-transform elementor-absolute elementor-invisible elementor-widget elementor-widget-image\" data-id=\"4d6a3077\" data-element_type=\"widget\" data-settings=\"{&quot;_transform_flipX_effect&quot;:&quot;transform&quot;,&quot;_animation&quot;:&quot;fadeIn&quot;,&quot;_animation_delay&quot;:&quot;100&quot;,&quot;_position&quot;:&quot;absolute&quot;}\" data-widget_type=\"image.default\">\n\t\t\t\t\t\t\t\t\t\t\t\t\t\t\t<img decoding=\"async\" width=\"800\" height=\"548\" src=\"https:\/\/bureauviticole.com\/wp-content\/uploads\/2025\/12\/Le-Bureau-Viticole-Dossier-de-Presse-2022-FR-mail-2.jpeg\" class=\"attachment-large size-large wp-image-46\" alt=\"\" srcset=\"https:\/\/bureauviticole.com\/wp-content\/uploads\/2025\/12\/Le-Bureau-Viticole-Dossier-de-Presse-2022-FR-mail-2.jpeg 959w, https:\/\/bureauviticole.com\/wp-content\/uploads\/2025\/12\/Le-Bureau-Viticole-Dossier-de-Presse-2022-FR-mail-2-300x206.jpeg 300w, https:\/\/bureauviticole.com\/wp-content\/uploads\/2025\/12\/Le-Bureau-Viticole-Dossier-de-Presse-2022-FR-mail-2-768x526.jpeg 768w\" sizes=\"(max-width: 800px) 100vw, 800px\" \/>\t\t\t\t\t\t\t\t\t\t\t\t\t\t\t<\/div>\n\t\t\t\t<\/div>\n\t\t<div class=\"elementor-element elementor-element-60ccf574 e-con-full e-flex elementor-invisible e-con e-child\" data-id=\"60ccf574\" data-element_type=\"container\" data-settings=\"{&quot;animation&quot;:&quot;fadeIn&quot;}\">\n\t\t\t\t<div class=\"elementor-element elementor-element-6e42b7e6 elementor-widget elementor-widget-heading\" data-id=\"6e42b7e6\" data-element_type=\"widget\" data-widget_type=\"heading.default\">\n\t\t\t\t\t<h3 class=\"elementor-heading-title elementor-size-default\">St\u00e9phane Paillard<\/h3>\t\t\t\t<\/div>\n\t\t\t\t<div class=\"elementor-element elementor-element-71f92c6 elementor-widget elementor-widget-heading\" data-id=\"71f92c6\" data-element_type=\"widget\" data-widget_type=\"heading.default\">\n\t\t\t\t\t<h2 class=\"elementor-heading-title elementor-size-default\">\u0152nologue &amp; Vigneron<\/h2>\t\t\t\t<\/div>\n\t\t\t\t<div class=\"elementor-element elementor-element-48ffe785 elementor-widget__width-initial elementor-widget elementor-widget-text-editor\" data-id=\"48ffe785\" data-element_type=\"widget\" data-widget_type=\"text-editor.default\">\n\t\t\t\t\t\t\t\t\t<p>\u00ab \u00c0 60 ans, dont 30 pass\u00e9s \u00e0 courir le vignoble fran\u00e7ais \u00e0 la recherche de propri\u00e9t\u00e9s \u00e0 vendre, St\u00e9phane Paillard est un personnage atypique dans le monde de l\u2019immobilier haut-de-gamme. St\u00e9phane Paillard est-il un agent immo-bilier ? Oui, il se charge d\u2019expertises et de transactions de propri\u00e9t\u00e9s. Non, il est avant tout un \u0153nologue&#8230; \u00bb<\/p>\n<p><\/p>\n<p>Dipl\u00f4m\u00e9 laur\u00e9at de la Facult\u00e9 d\u2019 \u0152nologie de Montpellier en 1981, St\u00e9-phane Paillard fourbit, dans un esprit de compagnonnage, ses premi\u00e8res armes de ma\u00eetre de chai dans de prestigieux vignobles, parmi lesquels le Ch\u00e2teau Palmer \u00e0 Margaux en Bordelais et la maison Louis Latour en Bourgogne. Journaliste au quotidien professionnel \u00ab La Journ\u00e9e Viticole \u00bb, il structure ensuite et g\u00e8re le d\u00e9veloppement commercial d\u2019un vignoble de 700 hectares en Vall\u00e9e du Rh\u00f4ne. <br>\u00ab Le choix de sa sp\u00e9cialisation dans l\u2019immobilier viticole ne doit rien \u00e0 l\u2019oppor-tunit\u00e9, des histoires d\u2019enfance dans la cave familiale de son grand-p\u00e8re. Install\u00e9 depuis plus de 25 ans sur le cr\u00e9neau tr\u00e8s sp\u00e9cialis\u00e9 des \u00ab terroirs rares \u00bb, il nous parle avec une franchise rafra\u00eechissante de ce march\u00e9 de passionn\u00e9s&#8230; \u00bb.<\/p><p>Nicolas de Rouyn&nbsp; Propri\u00e9t\u00e9s de France &#8211; Figaro<\/p>\t\t\t\t\t\t\t\t<\/div>\n\t\t\t\t<\/div>\n\t\t\t\t\t<\/div>\n\t\t\t\t<\/div>\n\t\t\t\t<\/div>\n\t\t","protected":false},"excerpt":{"rendered":"<p>St\u00e9phane Paillard \u0152nologue &amp; Vigneron \u00ab \u00c0 60 ans, dont 30 pass\u00e9s \u00e0 courir le vignoble fran\u00e7ais \u00e0 la recherche de propri\u00e9t\u00e9s \u00e0 vendre, St\u00e9phane Paillard est un personnage atypique dans le monde de l\u2019immobilier haut-de-gamme. St\u00e9phane Paillard est-il un agent immo-bilier ? Oui, il se charge d\u2019expertises et de transactions de propri\u00e9t\u00e9s. Non, il [&hellip;]<\/p>\n","protected":false},"author":1,"featured_media":35,"parent":0,"menu_order":0,"comment_status":"closed","ping_status":"closed","template":"","meta":{"footnotes":""},"class_list":["post-27","page","type-page","status-publish","has-post-thumbnail","hentry"],"yoast_head":"<!-- This site is optimized with the Yoast SEO plugin v26.6 - https:\/\/yoast.com\/wordpress\/plugins\/seo\/ -->\n<title>Home - Bureau Viticole<\/title>\n<meta name=\"robots\" content=\"index, follow, max-snippet:-1, max-image-preview:large, max-video-preview:-1\" \/>\n<link rel=\"canonical\" href=\"https:\/\/bureauviticole.com\/\" \/>\n<meta property=\"og:locale\" content=\"fr_FR\" \/>\n<meta property=\"og:type\" content=\"article\" \/>\n<meta property=\"og:title\" content=\"Home - Bureau Viticole\" \/>\n<meta property=\"og:description\" content=\"St\u00e9phane Paillard \u0152nologue &amp; Vigneron \u00ab \u00c0 60 ans, dont 30 pass\u00e9s \u00e0 courir le vignoble fran\u00e7ais \u00e0 la recherche de propri\u00e9t\u00e9s \u00e0 vendre, St\u00e9phane Paillard est un personnage atypique dans le monde de l\u2019immobilier haut-de-gamme. St\u00e9phane Paillard est-il un agent immo-bilier ? Oui, il se charge d\u2019expertises et de transactions de propri\u00e9t\u00e9s. Non, il [&hellip;]\" \/>\n<meta property=\"og:url\" content=\"https:\/\/bureauviticole.com\/\" \/>\n<meta property=\"og:site_name\" content=\"Bureau Viticole\" \/>\n<meta property=\"article:modified_time\" content=\"2026-01-02T09:30:42+00:00\" \/>\n<meta property=\"og:image\" content=\"https:\/\/bureauviticole.com\/wp-content\/uploads\/2025\/12\/Homepage.jpg\" \/>\n\t<meta property=\"og:image:width\" content=\"400\" \/>\n\t<meta property=\"og:image:height\" content=\"380\" \/>\n\t<meta property=\"og:image:type\" content=\"image\/jpeg\" \/>\n<meta name=\"twitter:card\" content=\"summary_large_image\" \/>\n<meta name=\"twitter:label1\" content=\"Dur\u00e9e de lecture estim\u00e9e\" \/>\n\t<meta name=\"twitter:data1\" content=\"1 minute\" \/>\n<script type=\"application\/ld+json\" class=\"yoast-schema-graph\">{\"@context\":\"https:\/\/schema.org\",\"@graph\":[{\"@type\":\"WebPage\",\"@id\":\"https:\/\/bureauviticole.com\/\",\"url\":\"https:\/\/bureauviticole.com\/\",\"name\":\"Home - Bureau Viticole\",\"isPartOf\":{\"@id\":\"https:\/\/bureauviticole.com\/#website\"},\"primaryImageOfPage\":{\"@id\":\"https:\/\/bureauviticole.com\/#primaryimage\"},\"image\":{\"@id\":\"https:\/\/bureauviticole.com\/#primaryimage\"},\"thumbnailUrl\":\"https:\/\/bureauviticole.com\/wp-content\/uploads\/2025\/12\/Homepage.jpg\",\"datePublished\":\"2025-12-18T16:44:19+00:00\",\"dateModified\":\"2026-01-02T09:30:42+00:00\",\"breadcrumb\":{\"@id\":\"https:\/\/bureauviticole.com\/#breadcrumb\"},\"inLanguage\":\"fr-FR\",\"potentialAction\":[{\"@type\":\"ReadAction\",\"target\":[\"https:\/\/bureauviticole.com\/\"]}]},{\"@type\":\"ImageObject\",\"inLanguage\":\"fr-FR\",\"@id\":\"https:\/\/bureauviticole.com\/#primaryimage\",\"url\":\"https:\/\/bureauviticole.com\/wp-content\/uploads\/2025\/12\/Homepage.jpg\",\"contentUrl\":\"https:\/\/bureauviticole.com\/wp-content\/uploads\/2025\/12\/Homepage.jpg\",\"width\":400,\"height\":380},{\"@type\":\"BreadcrumbList\",\"@id\":\"https:\/\/bureauviticole.com\/#breadcrumb\",\"itemListElement\":[{\"@type\":\"ListItem\",\"position\":1,\"name\":\"Accueil\",\"item\":\"https:\/\/bureauviticole.com\/\"},{\"@type\":\"ListItem\",\"position\":2,\"name\":\"Home\"}]},{\"@type\":\"WebSite\",\"@id\":\"https:\/\/bureauviticole.com\/#website\",\"url\":\"https:\/\/bureauviticole.com\/\",\"name\":\"Bureau Viticole\",\"description\":\"\",\"publisher\":{\"@id\":\"https:\/\/bureauviticole.com\/#organization\"},\"potentialAction\":[{\"@type\":\"SearchAction\",\"target\":{\"@type\":\"EntryPoint\",\"urlTemplate\":\"https:\/\/bureauviticole.com\/?s={search_term_string}\"},\"query-input\":{\"@type\":\"PropertyValueSpecification\",\"valueRequired\":true,\"valueName\":\"search_term_string\"}}],\"inLanguage\":\"fr-FR\"},{\"@type\":\"Organization\",\"@id\":\"https:\/\/bureauviticole.com\/#organization\",\"name\":\"Bureau Viticole\",\"url\":\"https:\/\/bureauviticole.com\/\",\"logo\":{\"@type\":\"ImageObject\",\"inLanguage\":\"fr-FR\",\"@id\":\"https:\/\/bureauviticole.com\/#\/schema\/logo\/image\/\",\"url\":\"https:\/\/bureauviticole.com\/wp-content\/uploads\/2025\/12\/Logo-BV-Paillard-seul-1_page-0001.jpg\",\"contentUrl\":\"https:\/\/bureauviticole.com\/wp-content\/uploads\/2025\/12\/Logo-BV-Paillard-seul-1_page-0001.jpg\",\"width\":1246,\"height\":592,\"caption\":\"Bureau Viticole\"},\"image\":{\"@id\":\"https:\/\/bureauviticole.com\/#\/schema\/logo\/image\/\"}}]}<\/script>\n<!-- \/ Yoast SEO plugin. -->","yoast_head_json":{"title":"Home - Bureau Viticole","robots":{"index":"index","follow":"follow","max-snippet":"max-snippet:-1","max-image-preview":"max-image-preview:large","max-video-preview":"max-video-preview:-1"},"canonical":"https:\/\/bureauviticole.com\/","og_locale":"fr_FR","og_type":"article","og_title":"Home - Bureau Viticole","og_description":"St\u00e9phane Paillard \u0152nologue &amp; Vigneron \u00ab \u00c0 60 ans, dont 30 pass\u00e9s \u00e0 courir le vignoble fran\u00e7ais \u00e0 la recherche de propri\u00e9t\u00e9s \u00e0 vendre, St\u00e9phane Paillard est un personnage atypique dans le monde de l\u2019immobilier haut-de-gamme. St\u00e9phane Paillard est-il un agent immo-bilier ? Oui, il se charge d\u2019expertises et de transactions de propri\u00e9t\u00e9s. Non, il [&hellip;]","og_url":"https:\/\/bureauviticole.com\/","og_site_name":"Bureau Viticole","article_modified_time":"2026-01-02T09:30:42+00:00","og_image":[{"width":400,"height":380,"url":"https:\/\/bureauviticole.com\/wp-content\/uploads\/2025\/12\/Homepage.jpg","type":"image\/jpeg"}],"twitter_card":"summary_large_image","twitter_misc":{"Dur\u00e9e de lecture estim\u00e9e":"1 minute"},"schema":{"@context":"https:\/\/schema.org","@graph":[{"@type":"WebPage","@id":"https:\/\/bureauviticole.com\/","url":"https:\/\/bureauviticole.com\/","name":"Home - Bureau Viticole","isPartOf":{"@id":"https:\/\/bureauviticole.com\/#website"},"primaryImageOfPage":{"@id":"https:\/\/bureauviticole.com\/#primaryimage"},"image":{"@id":"https:\/\/bureauviticole.com\/#primaryimage"},"thumbnailUrl":"https:\/\/bureauviticole.com\/wp-content\/uploads\/2025\/12\/Homepage.jpg","datePublished":"2025-12-18T16:44:19+00:00","dateModified":"2026-01-02T09:30:42+00:00","breadcrumb":{"@id":"https:\/\/bureauviticole.com\/#breadcrumb"},"inLanguage":"fr-FR","potentialAction":[{"@type":"ReadAction","target":["https:\/\/bureauviticole.com\/"]}]},{"@type":"ImageObject","inLanguage":"fr-FR","@id":"https:\/\/bureauviticole.com\/#primaryimage","url":"https:\/\/bureauviticole.com\/wp-content\/uploads\/2025\/12\/Homepage.jpg","contentUrl":"https:\/\/bureauviticole.com\/wp-content\/uploads\/2025\/12\/Homepage.jpg","width":400,"height":380},{"@type":"BreadcrumbList","@id":"https:\/\/bureauviticole.com\/#breadcrumb","itemListElement":[{"@type":"ListItem","position":1,"name":"Accueil","item":"https:\/\/bureauviticole.com\/"},{"@type":"ListItem","position":2,"name":"Home"}]},{"@type":"WebSite","@id":"https:\/\/bureauviticole.com\/#website","url":"https:\/\/bureauviticole.com\/","name":"Bureau Viticole","description":"","publisher":{"@id":"https:\/\/bureauviticole.com\/#organization"},"potentialAction":[{"@type":"SearchAction","target":{"@type":"EntryPoint","urlTemplate":"https:\/\/bureauviticole.com\/?s={search_term_string}"},"query-input":{"@type":"PropertyValueSpecification","valueRequired":true,"valueName":"search_term_string"}}],"inLanguage":"fr-FR"},{"@type":"Organization","@id":"https:\/\/bureauviticole.com\/#organization","name":"Bureau Viticole","url":"https:\/\/bureauviticole.com\/","logo":{"@type":"ImageObject","inLanguage":"fr-FR","@id":"https:\/\/bureauviticole.com\/#\/schema\/logo\/image\/","url":"https:\/\/bureauviticole.com\/wp-content\/uploads\/2025\/12\/Logo-BV-Paillard-seul-1_page-0001.jpg","contentUrl":"https:\/\/bureauviticole.com\/wp-content\/uploads\/2025\/12\/Logo-BV-Paillard-seul-1_page-0001.jpg","width":1246,"height":592,"caption":"Bureau Viticole"},"image":{"@id":"https:\/\/bureauviticole.com\/#\/schema\/logo\/image\/"}}]}},"_links":{"self":[{"href":"https:\/\/bureauviticole.com\/index.php\/wp-json\/wp\/v2\/pages\/27","targetHints":{"allow":["GET"]}}],"collection":[{"href":"https:\/\/bureauviticole.com\/index.php\/wp-json\/wp\/v2\/pages"}],"about":[{"href":"https:\/\/bureauviticole.com\/index.php\/wp-json\/wp\/v2\/types\/page"}],"author":[{"embeddable":true,"href":"https:\/\/bureauviticole.com\/index.php\/wp-json\/wp\/v2\/users\/1"}],"replies":[{"embeddable":true,"href":"https:\/\/bureauviticole.com\/index.php\/wp-json\/wp\/v2\/comments?post=27"}],"version-history":[{"count":62,"href":"https:\/\/bureauviticole.com\/index.php\/wp-json\/wp\/v2\/pages\/27\/revisions"}],"predecessor-version":[{"id":133,"href":"https:\/\/bureauviticole.com\/index.php\/wp-json\/wp\/v2\/pages\/27\/revisions\/133"}],"wp:featuredmedia":[{"embeddable":true,"href":"https:\/\/bureauviticole.com\/index.php\/wp-json\/wp\/v2\/media\/35"}],"wp:attachment":[{"href":"https:\/\/bureauviticole.com\/index.php\/wp-json\/wp\/v2\/media?parent=27"}],"curies":[{"name":"wp","href":"https:\/\/api.w.org\/{rel}","templated":true}]}}